{"id":8440,"date":"2023-08-08T22:00:33","date_gmt":"2023-08-08T20:00:33","guid":{"rendered":"http:\/\/www.marionaubray-accompagnements.fr\/?page_id=8440"},"modified":"2023-08-26T21:42:57","modified_gmt":"2023-08-26T19:42:57","slug":"contact","status":"publish","type":"page","link":"https:\/\/www.marionaubray-accompagnements.fr\/index.php\/contact\/","title":{"rendered":"Contact"},"content":{"rendered":"\t\t<div data-elementor-type=\"wp-page\" data-elementor-id=\"8440\" class=\"elementor elementor-8440\">\n\t\t\t\t\t\t\t<div class=\"elementor-element elementor-element-983e067 e-flex e-con-boxed e-con\" data-id=\"983e067\" data-element_type=\"container\" data-settings=\"{&quot;background_background&quot;:&quot;classic&quot;,&quot;content_width&quot;:&quot;boxed&quot;}\">\n\t\t\t\t\t<div class=\"e-con-inner\">\n\t\t\t\t<div class=\"elementor-element elementor-element-80b63ff elementor-widget elementor-widget-heading\" data-id=\"80b63ff\" data-element_type=\"widget\" data-widget_type=\"heading.default\">\n\t\t\t\t<div class=\"elementor-widget-container\">\n\t\t\t<style>\/*! elementor - v3.15.0 - 31-07-2023 *\/\n.elementor-heading-title{padding:0;margin:0;line-height:1}.elementor-widget-heading .elementor-heading-title[class*=elementor-size-]>a{color:inherit;font-size:inherit;line-height:inherit}.elementor-widget-heading .elementor-heading-title.elementor-size-small{font-size:15px}.elementor-widget-heading .elementor-heading-title.elementor-size-medium{font-size:19px}.elementor-widget-heading .elementor-heading-title.elementor-size-large{font-size:29px}.elementor-widget-heading .elementor-heading-title.elementor-size-xl{font-size:39px}.elementor-widget-heading .elementor-heading-title.elementor-size-xxl{font-size:59px}<\/style><h2 class=\"elementor-heading-title elementor-size-default\"><a href=\"https:\/\/www.marionaubray-accompagnements.fr\">Accueil<\/a><\/h2>\t\t<\/div>\n\t\t\t\t<\/div>\n\t\t\t\t<div class=\"elementor-element elementor-element-53c23a9 elementor-widget elementor-widget-heading\" data-id=\"53c23a9\" data-element_type=\"widget\" data-widget_type=\"heading.default\">\n\t\t\t\t<div class=\"elementor-widget-container\">\n\t\t\t<h2 class=\"elementor-heading-title elementor-size-default\">\/ Contact<\/h2>\t\t<\/div>\n\t\t\t\t<\/div>\n\t\t\t\t\t<\/div>\n\t\t\t\t<\/div>\n\t\t<div class=\"elementor-element elementor-element-3483088 e-flex e-con-boxed e-con\" data-id=\"3483088\" data-element_type=\"container\" data-settings=\"{&quot;background_background&quot;:&quot;classic&quot;,&quot;content_width&quot;:&quot;boxed&quot;}\">\n\t\t\t\t\t<div class=\"e-con-inner\">\n\t\t\t\t<div class=\"elementor-element elementor-element-ff1ac39 elementor-widget elementor-widget-heading\" data-id=\"ff1ac39\" data-element_type=\"widget\" data-widget_type=\"heading.default\">\n\t\t\t\t<div class=\"elementor-widget-container\">\n\t\t\t<h2 class=\"elementor-heading-title elementor-size-default\">\u260e 06.85.54.22.57<\/h2>\t\t<\/div>\n\t\t\t\t<\/div>\n\t\t\t\t\t<\/div>\n\t\t\t\t<\/div>\n\t\t<div class=\"elementor-element elementor-element-a8a2523 e-flex e-con-boxed e-con\" data-id=\"a8a2523\" data-element_type=\"container\" data-settings=\"{&quot;background_background&quot;:&quot;classic&quot;,&quot;content_width&quot;:&quot;boxed&quot;}\">\n\t\t\t\t\t<div class=\"e-con-inner\">\n\t\t\t\t<div class=\"elementor-element elementor-element-5f2baca elementor-widget elementor-widget-heading\" data-id=\"5f2baca\" data-element_type=\"widget\" data-widget_type=\"heading.default\">\n\t\t\t\t<div class=\"elementor-widget-container\">\n\t\t\t<h2 class=\"elementor-heading-title elementor-size-default\"><a href=\"mailto:marion.aubray@gmail.com\">\u2709  marion.aubray@gmail.com <\/a><\/h2>\t\t<\/div>\n\t\t\t\t<\/div>\n\t\t\t\t\t<\/div>\n\t\t\t\t<\/div>\n\t\t<div class=\"elementor-element elementor-element-398ce27 e-flex e-con-boxed e-con\" data-id=\"398ce27\" data-element_type=\"container\" data-settings=\"{&quot;background_background&quot;:&quot;classic&quot;,&quot;content_width&quot;:&quot;boxed&quot;}\">\n\t\t\t\t\t<div class=\"e-con-inner\">\n\t\t\t\t<div class=\"elementor-element elementor-element-8ec882b elementor-widget elementor-widget-heading\" data-id=\"8ec882b\" data-element_type=\"widget\" data-widget_type=\"heading.default\">\n\t\t\t\t<div class=\"elementor-widget-container\">\n\t\t\t<h2 class=\"elementor-heading-title elementor-size-default\">Mon lieu d'intervention<\/h2>\t\t<\/div>\n\t\t\t\t<\/div>\n\t\t\t\t\t<\/div>\n\t\t\t\t<\/div>\n\t\t<div class=\"elementor-element elementor-element-ca49f5c e-flex e-con-boxed e-con\" data-id=\"ca49f5c\" data-element_type=\"container\" data-settings=\"{&quot;background_background&quot;:&quot;classic&quot;,&quot;content_width&quot;:&quot;boxed&quot;}\">\n\t\t\t\t\t<div class=\"e-con-inner\">\n\t\t\t\t<div class=\"elementor-element elementor-element-9a3fc54 elementor-widget elementor-widget-text-editor\" data-id=\"9a3fc54\" data-element_type=\"widget\" data-widget_type=\"text-editor.default\">\n\t\t\t\t<div class=\"elementor-widget-container\">\n\t\t\t<style>\/*! elementor - v3.15.0 - 31-07-2023 *\/\n.elementor-widget-text-editor.elementor-drop-cap-view-stacked .elementor-drop-cap{background-color:#69727d;color:#fff}.elementor-widget-text-editor.elementor-drop-cap-view-framed .elementor-drop-cap{color:#69727d;border:3px solid;background-color:transparent}.elementor-widget-text-editor:not(.elementor-drop-cap-view-default) .elementor-drop-cap{margin-top:8px}.elementor-widget-text-editor:not(.elementor-drop-cap-view-default) .elementor-drop-cap-letter{width:1em;height:1em}.elementor-widget-text-editor .elementor-drop-cap{float:left;text-align:center;line-height:1;font-size:50px}.elementor-widget-text-editor .elementor-drop-cap-letter{display:inline-block}<\/style>\t\t\t\t<p>Je vous re\u00e7ois dans mon bureau situ\u00e9 au <strong>126 avenue des Maladreries \u00e0 Al\u00e8s<\/strong>. Toutes mes prestations sont \u00e9galement r\u00e9alisables en visio quel que soit votre lieu d\u2019habitation. Ce lieu privil\u00e9gie le respect de la confidentialit\u00e9 de votre entretien. Mon bureau est accessible aux personnes en situation de handicap.<\/p>\t\t\t\t\t\t<\/div>\n\t\t\t\t<\/div>\n\t\t\t\t\t<\/div>\n\t\t\t\t<\/div>\n\t\t<div class=\"elementor-element elementor-element-6f9729e e-flex e-con-boxed e-con\" data-id=\"6f9729e\" data-element_type=\"container\" data-settings=\"{&quot;background_background&quot;:&quot;classic&quot;,&quot;content_width&quot;:&quot;boxed&quot;}\">\n\t\t\t\t\t<div class=\"e-con-inner\">\n\t\t\t\t<div class=\"elementor-element elementor-element-ae072f2 elementor-widget elementor-widget-google_maps\" data-id=\"ae072f2\" data-element_type=\"widget\" data-widget_type=\"google_maps.default\">\n\t\t\t\t<div class=\"elementor-widget-container\">\n\t\t\t<style>\/*! elementor - v3.15.0 - 31-07-2023 *\/\n.elementor-widget-google_maps .elementor-widget-container{overflow:hidden}.elementor-widget-google_maps .elementor-custom-embed{line-height:0}.elementor-widget-google_maps iframe{height:300px}<\/style>\t\t<div class=\"elementor-custom-embed\">\n\t\t\t<iframe loading=\"lazy\"\n\t\t\t\t\tsrc=\"https:\/\/maps.google.com\/maps?q=126%20avenue%20des%20Maladrerie%2C%20al%C3%A8s&#038;t=m&#038;z=14&#038;output=embed&#038;iwloc=near\"\n\t\t\t\t\ttitle=\"126 avenue des Maladrerie, al\u00e8s\"\n\t\t\t\t\taria-label=\"126 avenue des Maladrerie, al\u00e8s\"\n\t\t\t><\/iframe>\n\t\t<\/div>\n\t\t\t\t<\/div>\n\t\t\t\t<\/div>\n\t\t\t\t\t<\/div>\n\t\t\t\t<\/div>\n\t\t<div class=\"elementor-element elementor-element-f03d428 e-flex e-con-boxed e-con\" data-id=\"f03d428\" data-element_type=\"container\" data-settings=\"{&quot;background_background&quot;:&quot;classic&quot;,&quot;content_width&quot;:&quot;boxed&quot;}\">\n\t\t\t\t\t<div class=\"e-con-inner\">\n\t\t<div class=\"elementor-element elementor-element-cef4357 e-flex e-con-boxed e-con\" data-id=\"cef4357\" data-element_type=\"container\" data-settings=\"{&quot;background_background&quot;:&quot;classic&quot;,&quot;content_width&quot;:&quot;boxed&quot;}\">\n\t\t\t\t\t<div class=\"e-con-inner\">\n\t\t<div class=\"elementor-element elementor-element-9f339e9 e-flex e-con-boxed e-con\" data-id=\"9f339e9\" data-element_type=\"container\" data-settings=\"{&quot;background_background&quot;:&quot;classic&quot;,&quot;content_width&quot;:&quot;boxed&quot;}\">\n\t\t\t\t\t<div class=\"e-con-inner\">\n\t\t<div class=\"elementor-element elementor-element-60efb86 e-con-full e-flex e-con\" data-id=\"60efb86\" data-element_type=\"container\" data-settings=\"{&quot;content_width&quot;:&quot;full&quot;}\">\n\t\t<div class=\"elementor-element elementor-element-73639d1 e-flex e-con-boxed e-con\" data-id=\"73639d1\" data-element_type=\"container\" data-settings=\"{&quot;content_width&quot;:&quot;boxed&quot;}\">\n\t\t\t\t\t<div class=\"e-con-inner\">\n\t\t\t\t<div class=\"elementor-element elementor-element-003c082 elementor-widget elementor-widget-heading\" data-id=\"003c082\" data-element_type=\"widget\" data-widget_type=\"heading.default\">\n\t\t\t\t<div class=\"elementor-widget-container\">\n\t\t\t<h2 class=\"elementor-heading-title elementor-size-default\">Le mot de Marion Aubray<\/h2>\t\t<\/div>\n\t\t\t\t<\/div>\n\t\t\t\t\t<\/div>\n\t\t\t\t<\/div>\n\t\t<div class=\"elementor-element elementor-element-cf0f297 e-flex e-con-boxed e-con\" data-id=\"cf0f297\" data-element_type=\"container\" data-settings=\"{&quot;content_width&quot;:&quot;boxed&quot;}\">\n\t\t\t\t\t<div class=\"e-con-inner\">\n\t\t\t\t<div class=\"elementor-element elementor-element-21a4bfd elementor-widget elementor-widget-image\" data-id=\"21a4bfd\" data-element_type=\"widget\" data-widget_type=\"image.default\">\n\t\t\t\t<div class=\"elementor-widget-container\">\n\t\t\t<style>\/*! elementor - v3.15.0 - 31-07-2023 *\/\n.elementor-widget-image{text-align:center}.elementor-widget-image a{display:inline-block}.elementor-widget-image a img[src$=\".svg\"]{width:48px}.elementor-widget-image img{vertical-align:middle;display:inline-block}<\/style>\t\t\t\t\t\t\t\t\t\t\t\t<img loading=\"lazy\" decoding=\"async\" width=\"870\" height=\"1024\" src=\"https:\/\/www.marionaubray-accompagnements.fr\/wp-content\/uploads\/2023\/08\/portait-bulles-870x1024.png\" class=\"attachment-large size-large wp-image-8331\" alt=\"portrait Marion Aubray\" srcset=\"https:\/\/www.marionaubray-accompagnements.fr\/wp-content\/uploads\/2023\/08\/portait-bulles-870x1024.png 870w, https:\/\/www.marionaubray-accompagnements.fr\/wp-content\/uploads\/2023\/08\/portait-bulles-255x300.png 255w, https:\/\/www.marionaubray-accompagnements.fr\/wp-content\/uploads\/2023\/08\/portait-bulles-768x904.png 768w, https:\/\/www.marionaubray-accompagnements.fr\/wp-content\/uploads\/2023\/08\/portait-bulles-610x718.png 610w, https:\/\/www.marionaubray-accompagnements.fr\/wp-content\/uploads\/2023\/08\/portait-bulles-600x706.png 600w, https:\/\/www.marionaubray-accompagnements.fr\/wp-content\/uploads\/2023\/08\/portait-bulles.png 901w\" sizes=\"auto, 100vw\" \/>\t\t\t\t\t\t\t\t\t\t\t\t\t\t\t<\/div>\n\t\t\t\t<\/div>\n\t\t\t\t\t<\/div>\n\t\t\t\t<\/div>\n\t\t\t\t<\/div>\n\t\t<div class=\"elementor-element elementor-element-8d6334c e-con-full e-flex e-con\" data-id=\"8d6334c\" data-element_type=\"container\" data-settings=\"{&quot;content_width&quot;:&quot;full&quot;}\">\n\t\t\t\t<div class=\"elementor-element elementor-element-0739815 elementor-widget elementor-widget-text-editor\" data-id=\"0739815\" data-element_type=\"widget\" data-widget_type=\"text-editor.default\">\n\t\t\t\t<div class=\"elementor-widget-container\">\n\t\t\t\t\t\t\t<p>J\u2019accompagne des personnes dans leur insertion sociale et professionnelle depuis plus de 15 ans. J\u2019ai essentiellement exerc\u00e9 dans des structures m\u00e9dico-sociales avec un public ayant besoin d\u2019un soutien pour construire son parcours personnel et professionnel. Mon exp\u00e9rience a \u00e9t\u00e9 guid\u00e9e par le travail en \u00e9quipe et en partenariat avec diff\u00e9rentes institutions. Conseill\u00e8re en \u00e9conomie sociale et familiale de formation, j\u2019ai travaill\u00e9 au cours de toutes ces ann\u00e9es avec des personnes ayant diff\u00e9rents profils et notamment je connais bien le milieu du handicap. J\u2019ai donc la capacit\u00e9 de m\u2019adapter \u00e0 chaque individu et de r\u00e9aliser un accompagnement personnalis\u00e9.<br \/>Passionn\u00e9e depuis toujours par les relations humaines et l\u2019accompagnement, c\u2019est donc tout naturellement que je me suis ensuite form\u00e9e quelques ann\u00e9es plus tard au bilan de comp\u00e9tences puis \u00e0 l\u2019accompagnement \u00e0 la VAE.<br \/>Au travers de ces prestations d\u2019accompagnement que je propose, ma mission principale est de guider les personnes dans leur d\u00e9sir d\u2019\u00e9panouissement. Pour cela, je soutiens chaque personne qui fait appel \u00e0 moi afin qu\u2019elle puisse se mobiliser dans ce changement et devenir actrice de sa vie.<br \/>\u00c0 l\u2019\u00e9coute et bienveillante, je souhaite que chaque personne puisse trouver sa place dans notre soci\u00e9t\u00e9 o\u00f9 il est parfois difficile de se frayer un chemin. J\u2019accompagne les personnes \u00e0 ouvrir de nouvelles portes tout en restant dans le respect des besoins et des capacit\u00e9s de chacun.<br \/>Je m\u2019engage \u00e0 ce que chacun de mes accompagnements soit men\u00e9 dans le non-jugement, la neutralit\u00e9, la confidentialit\u00e9 tout en m\u2019adaptant \u00e0 votre parcours et votre personnalit\u00e9.<\/p><p><strong>Mes formations et dipl\u00f4mes<\/strong> (par ordre de r\u00e9alisation) :<\/p><ul><li>Handicap psychique et insertion professionnelle<\/li><li>Accompagnement \u00e0 la VAE<\/li><li>Titre professionnel de consultante en bilan de comp\u00e9tences<\/li><li>Certificat de formation aux tests psychotechniques central test<\/li><li>Bienveillance et \u00e9thique<\/li><li>Travailler et communiquer en \u00e9quipe pluridisciplinaire<\/li><li>Pr\u00e9vention des violences et gestion des conflits<\/li><li>Dipl\u00f4me d\u2019\u00e9tat de Conseill\u00e8re en \u00e9conomie sociale familiale<\/li><\/ul>\t\t\t\t\t\t<\/div>\n\t\t\t\t<\/div>\n\t\t\t\t<\/div>\n\t\t\t\t\t<\/div>\n\t\t\t\t<\/div>\n\t\t\t\t\t<\/div>\n\t\t\t\t<\/div>\n\t\t\t\t\t<\/div>\n\t\t\t\t<\/div>\n\t\t\t\t\t\t\t<\/div>\n\t\t","protected":false},"excerpt":{"rendered":"<p>Accueil \/ Contact \u260e 06.85.54.22.57 \u2709 marion.aubray@gmail.com Mon lieu d&#8217;intervention Je vous re\u00e7ois dans mon bureau situ\u00e9 au 126 avenue des Maladreries \u00e0 Al\u00e8s. Toutes mes prestations sont \u00e9galement r\u00e9alisables en visio quel que soit votre lieu d\u2019habitation. Ce lieu privil\u00e9gie le respect de la confidentialit\u00e9 de votre entretien. Mon bureau est accessible aux personnes &hellip; <\/p>\n<p class=\"link-more\"><a href=\"https:\/\/www.marionaubray-accompagnements.fr\/index.php\/contact\/\" class=\"more-link\">Read more<span class=\"screen-reader-text\"> &#8220;Contact&#8221;<\/span><\/a><\/p>\n","protected":false},"author":1,"featured_media":0,"parent":0,"menu_order":0,"comment_status":"closed","ping_status":"closed","template":"elementor_header_footer","meta":{"advgb_blocks_editor_width":"","advgb_blocks_columns_visual_guide":"","om_disable_all_campaigns":false,"_mi_skip_tracking":false,"_monsterinsights_sitenote_active":false,"_monsterinsights_sitenote_note":"","_monsterinsights_sitenote_category":0,"_advanced_animation_props":"{\"animations\":{\"fade-in\":{\"id\":\"fade-in\",\"name\":\"fade in\",\"keyframes\":{\"0%\":{\"transform\":{},\"opacity\":\"0%\"},\"100%\":{\"transform\":{},\"opacity\":\"100%\"}}},\"fade-in-left\":{\"id\":\"fade-in-left\",\"name\":\"fade in left\",\"keyframes\":{\"0%\":{\"transform\":{\"translateX\":\"50px\"},\"opacity\":\"0%\"},\"100%\":{\"transform\":{\"translateX\":\"0px\"},\"opacity\":\"100%\"}}},\"fade-in-right\":{\"id\":\"fade-in-right\",\"name\":\"fade in right\",\"keyframes\":{\"0%\":{\"transform\":{\"translateX\":\"-50px\"},\"opacity\":\"0%\"},\"100%\":{\"transform\":{\"translateX\":\"0px\"},\"opacity\":\"100%\"}}},\"fade-in-top\":{\"id\":\"fade-in-top\",\"name\":\"fade in top\",\"keyframes\":{\"0%\":{\"transform\":{\"translateY\":\"50px\"},\"opacity\":\"0%\"},\"100%\":{\"transform\":{\"translateY\":\"0px\"},\"opacity\":\"100%\"}}},\"fade-in-down\":{\"id\":\"fade-in-down\",\"name\":\"fade in down\",\"keyframes\":{\"0%\":{\"transform\":{\"translateY\":\"-50px\"},\"opacity\":\"0%\"},\"100%\":{\"transform\":{\"translateY\":\"0px\"},\"opacity\":\"100%\"}}},\"zoom-in\":{\"id\":\"zoom-in\",\"name\":\"zoom in\",\"keyframes\":{\"0%\":{\"transform\":{\"scale\":\"70%\"},\"opacity\":\"0%\"},\"100%\":{\"transform\":{\"scale\":\"100%\"},\"opacity\":\"100%\"}}},\"zoom-out\":{\"id\":\"zoom-out\",\"name\":\"zoom out\",\"keyframes\":{\"0%\":{\"transform\":{\"scale\":\"130%\"},\"opacity\":\"0%\"},\"100%\":{\"transform\":{\"scale\":\"100%\"},\"opacity\":\"100%\"}}},\"scale-up\":{\"id\":\"scale-up\",\"name\":\"scale up\",\"keyframes\":{\"0%\":{\"transform\":{\"scale\":\"100%\"}},\"100%\":{\"transform\":{\"scale\":\"120%\"}}}},\"scale-down\":{\"id\":\"scale-down\",\"name\":\"scale down\",\"keyframes\":{\"0%\":{\"transform\":{\"scale\":\"100%\"}},\"100%\":{\"transform\":{\"scale\":\"80%\"}}}},\"clip-from-left\":{\"id\":\"clip-from-left\",\"name\":\"reveal from left\",\"keyframes\":{\"0%\":{\"clip-path\":\"inset(0% 100% 0% 0%)\"},\"100%\":{\"clip-path\":\"inset(0% 0% 0% 0%)\"}}},\"clip-from-right\":{\"id\":\"clip-from-right\",\"name\":\"reveal from right\",\"keyframes\":{\"0%\":{\"clip-path\":\"inset(0% 0% 0% 100%)\"},\"100%\":{\"clip-path\":\"inset(0% 0% 0% 0%)\"}}},\"clip-from-top\":{\"id\":\"clip-from-top\",\"name\":\"reveal from top\",\"keyframes\":{\"0%\":{\"clip-path\":\"inset(0% 0% 100% 0%)\"},\"100%\":{\"clip-path\":\"inset(0% 0% 0% 0%)\"}}},\"clip-from-bottom\":{\"id\":\"clip-from-bottom\",\"name\":\"reveal from bottom\",\"keyframes\":{\"0%\":{\"clip-path\":\"inset(100% 0% 0% 0%)\"},\"100%\":{\"clip-path\":\"inset(0% 0% 0% 0%)\"}}},\"text-rotate-intro\":{\"id\":\"text-rotate-intro\",\"name\":\"text rotate intro\",\"keyframes\":{\"0%\":{\"transform\":{\"rotate\":\"-10deg\",\"rotateX\":\"75deg\",\"rotateY\":\"0deg\"},\"opacity\":\"0%\"},\"100%\":{\"transform\":{\"rotate\":\"0deg\",\"rotateX\":\"0deg\",\"rotateY\":\"0deg\"},\"opacity\":\"100%\"}}},\"zoom-rotate\":{\"id\":\"zoom-rotate\",\"name\":\"zoom rotate\",\"keyframes\":{\"0%\":{\"transform\":{\"rotate\":\"180deg\",\"scale\":\"50%\"},\"opacity\":\"0%\"},\"100%\":{\"transform\":{\"rotate\":\"0deg\",\"scale\":\"100%\"},\"opacity\":\"100%\"}}},\"move-up\":{\"id\":\"move-up\",\"name\":\"move up\",\"keyframes\":{\"0%\":{\"transform\":{\"translateY\":\"100%\"}},\"100%\":{\"transform\":{\"translateY\":\"0%\"}}}},\"move-down\":{\"id\":\"move-down\",\"name\":\"move down\",\"keyframes\":{\"0%\":{\"transform\":{\"translateY\":\"-100-%\"}},\"100%\":{\"transform\":{\"translateY\":\"0%\"}}}},\"video-app-intro\":{\"id\":\"video-app-intro\",\"name\":\"video app intro\",\"keyframes\":{\"0%\":{\"transform\":{\"translateX\":\"-300px\",\"scale\":\"300%\",\"rotate\":\"90deg\"}},\"50%\":{\"transform\":{\"translateX\":\"-300px\",\"scale\":\"100%\",\"rotate\":\"0deg\"}},\"100%\":{\"transform\":{\"translateX\":\"0px\",\"scale\":\"100%\",\"rotate\":\"0deg\"}}}}},\"settings\":{}}","_moveable":"{}","_advanced_block_media_mapping":[],"footnotes":""},"class_list":["post-8440","page","type-page","status-publish","hentry"],"aioseo_notices":[],"coauthors":[],"author_meta":{"author_link":"https:\/\/www.marionaubray-accompagnements.fr\/index.php\/author\/benjamindc123456\/","display_name":"benjamindc123456"},"relative_dates":{"created":"Posted 3 years ago","modified":"Updated 3 years ago"},"absolute_dates":{"created":"Posted on 8 August 2023","modified":"Updated on 26 August 2023"},"absolute_dates_time":{"created":"Posted on 8 August 2023 22h00","modified":"Updated on 26 August 2023 21h42"},"featured_img_caption":"","featured_img":false,"series_order":"","featured_media_urls":[],"_links":{"self":[{"href":"https:\/\/www.marionaubray-accompagnements.fr\/index.php\/wp-json\/wp\/v2\/pages\/8440","targetHints":{"allow":["GET"]}}],"collection":[{"href":"https:\/\/www.marionaubray-accompagnements.fr\/index.php\/wp-json\/wp\/v2\/pages"}],"about":[{"href":"https:\/\/www.marionaubray-accompagnements.fr\/index.php\/wp-json\/wp\/v2\/types\/page"}],"author":[{"embeddable":true,"href":"https:\/\/www.marionaubray-accompagnements.fr\/index.php\/wp-json\/wp\/v2\/users\/1"}],"replies":[{"embeddable":true,"href":"https:\/\/www.marionaubray-accompagnements.fr\/index.php\/wp-json\/wp\/v2\/comments?post=8440"}],"version-history":[{"count":34,"href":"https:\/\/www.marionaubray-accompagnements.fr\/index.php\/wp-json\/wp\/v2\/pages\/8440\/revisions"}],"predecessor-version":[{"id":8833,"href":"https:\/\/www.marionaubray-accompagnements.fr\/index.php\/wp-json\/wp\/v2\/pages\/8440\/revisions\/8833"}],"wp:attachment":[{"href":"https:\/\/www.marionaubray-accompagnements.fr\/index.php\/wp-json\/wp\/v2\/media?parent=8440"}],"curies":[{"name":"wp","href":"https:\/\/api.w.org\/{rel}","templated":true}]}}